{"id":37,"date":"2025-03-29T18:06:53","date_gmt":"2025-03-29T17:06:53","guid":{"rendered":"https:\/\/kanapey.de\/?page_id=37"},"modified":"2025-03-30T12:55:36","modified_gmt":"2025-03-30T10:55:36","slug":"impressum","status":"publish","type":"page","link":"https:\/\/kanapey.de\/?page_id=37","title":{"rendered":"Impressum"},"content":{"rendered":"\n<p style=\"text-transform:none\">Diese Website wird betrieben von :<br>Holger Reising<br>Jann-Berghaus-Stra\u00dfe 44<br>26548 Norderney<br>Kontakt<br>Telefon: 04932-927077<br>Telefax: 04932-990088<br>E-Mail: kanapeymusic@gmail.com<\/p>\n\n\n\n<p style=\"text-transform:none\"><br>Redaktionell verantwortlich :<br>Holger Reising, Jann-Berghaus-Stra\u00dfe 44, 26548 Nordern<\/p>\n\n\n\n<p style=\"text-transform:none\">Die Verwendung der auf kanapey.de angebotenen Fotos und Artworks meiner Ver\u00f6ffentlichungen, sowie der verf\u00fcgbaren Texte, ob ganz oder teilweise, bedarf meiner vorherigen und schriftlichen Einwilligung. Alle weiteren Rechte behalte ich mir vor.<\/p>\n\n\n\n<p style=\"text-transform:none\">Alle Soundfiles, Videos, Texte, Bilder, Logos, Artworks und Designs sind urheberrechtlich gesch\u00fctzt und d\u00fcrfen in keiner Form reproduziert, wiederverwendet oder f\u00fcr gewerbliche Zwecke genutzt werden. Dies gilt auch f\u00fcr die Verwendung in Online-Diensten oder f\u00fcr die Aufnahme in elektronische Datenbanken. Verbreitung nur mit schriftlicher Genehmigung durch Holger Reising.<\/p>\n\n\n\n<p style=\"text-transform:none\"><br><strong>HAFTUNGSAUSSCHLUSS<\/strong><\/p>\n\n\n\n<p style=\"text-transform:none\"><strong>1. Inhalt des Onlineangebotes<\/strong><br>Diese Website bildet den tempor\u00e4ren Stand eines kontinuierlichen Arbeitsprozesses ab. Obwohl bei der Zusammenstellung der auf dieser Website enthaltenen Inhalte und Services gr\u00f6\u00dfte Sorgfalt und Kontrolle angewandt wurde, kann Holger Reising f\u00fcr die Aktualit\u00e4t, Korrektheit, Vollst\u00e4ndigkeit oder Qualit\u00e4t keine Gew\u00e4hr \u00fcbernehmen. Haftungsanspr\u00fcche gegen Holger Reising, die sich auf Sch\u00e4den materieller oder ideeller Art beziehen, welche durch die Nutzung oder Nichtnutzung der dargebotenen Inhalte und Services oder durch die Nutzung fehlerhafter und unvollst\u00e4ndiger Informationen verursacht wurden, sind grunds\u00e4tzlich ausgeschlossen, sofern seitens Holger Reising kein nachweislich vors\u00e4tzliches oder grob fahrl\u00e4ssiges Verschulden vorliegt. Ich behalte mir ausdr\u00fccklich vor, Inhalte und Services ohne gesonderte Ank\u00fcndigung zu ver\u00e4ndern, zu erg\u00e4nzen, zu l\u00f6schen oder das gesamte Angebot oder die Ver\u00f6ffentlichung zeitweise oder endg\u00fcltig einzustellen. Alle Angebote sind freibleibend und unverbindlich.<\/p>\n\n\n\n<p style=\"text-transform:none\"><strong>2. Verweise und Links<\/strong><br>Bei direkten oder indirekten Verweisen auf fremde Webseiten (&#8222;Hyperlinks&#8220;), die au\u00dferhalb des Verantwortungsbereiches von Holger Reising liegen, w\u00fcrde eine Haftungsverpflichtung ausschlie\u00dflich in dem Fall in Kraft treten, in dem ich von den Inhalten Kenntnis hatte und es mir technisch m\u00f6glich und zumutbar w\u00e4re, die Nutzung im Falle rechtswidriger Inhalte zu verhindern. Ich erkl\u00e4re hiermit ausdr\u00fccklich, dass zum Zeitpunkt der Linksetzung keine illegalen Inhalte auf den zu verlinkenden Seiten erkennbar waren. Ich distanziere mich hiermit ausdr\u00fccklich von allen Inhalten aller gelinkten \/verkn\u00fcpften Seiten, die nach der Linksetzung ver\u00e4ndert wurden. Diese Feststellung gilt f\u00fcr alle innerhalb des eigenen Internetangebotes gesetzten Links und Verweise sowie f\u00fcr Fremdeintr\u00e4ge in von mir eingerichteten G\u00e4steb\u00fcchern, Diskussionsforen und Mailinglisten. F\u00fcr illegale, fehlerhafte oder unvollst\u00e4ndige Inhalte und insbesondere f\u00fcr Sch\u00e4den, die aus der Nutzung oder Nichtnutzung solcherart dargebotener Informationen entstehen, haftet allein der Anbieter der Seite, auf welche verwiesen wurde, nicht derjenige, der \u00fcber Links auf die jeweilige Ver\u00f6ffentlichung lediglich verweist.<\/p>\n\n\n\n<p style=\"text-transform:none\"><strong>3. Urheber- und Kennzeichenrecht<\/strong><br>Alle innerhalb des Internetangebotes genannten und ggf. durch Dritte gesch\u00fctzten Marken- und Warenzeichen unterliegen uneingeschr\u00e4nkt den Bestimmungen des jeweils g\u00fcltigen Kennzeichenrechts und den Besitzrechten der jeweiligen eingetragenen Eigent\u00fcmer. Allein aufgrund der blo\u00dfen Nennung ist nicht der Schluss zu ziehen, dass Markenzeichen nicht durch Rechte Dritter gesch\u00fctzt sind.<\/p>\n\n\n\n<p style=\"text-transform:none\"><strong>4. Datenschutz<\/strong><br>Sofern innerhalb des Internetangebotes die M\u00f6glichkeit zur Eingabe pers\u00f6nlicher oder gesch\u00e4ftlicher Daten (eMail-Adressen, Namen, Anschriften) besteht, so erfolgt die Preisgabe dieser Daten seitens des Nutzers auf ausdr\u00fccklich freiwilliger Basis. Die Inanspruchnahme und Bezahlung aller angebotenen Dienste ist \u2013 soweit technisch m\u00f6glich und zumutbar \u2013 auch ohne Angabe solcher Daten bzw. unter Angabe anonymisierter Daten oder eines Pseudonyms gestattet. Die Nutzung der im Rahmen des Impressums oder vergleichbarer Angaben ver\u00f6ffentlichten Kontaktdaten wie Postanschriften, Telefon- und Faxnummern sowie Emailadressen durch Dritte zur \u00dcbersendung von nicht ausdr\u00fccklich angeforderten Informationen ist nicht gestattet. Rechtliche Schritte gegen die Versender von sogenannten Spam-Mails bei Verst\u00f6\u00dfen gegen dieses Verbot sind ausdr\u00fccklich vorbehalten.<\/p>\n\n\n\n<p style=\"text-transform:none\"><strong>5. Rechtswirksamkeit dieses Haftungsausschlusses<\/strong><br>Dieser Haftungsausschluss ist als Teil des Internetangebotes zu betrachten, von dem aus auf diese Seite verwiesen wurde. Sofern Teile oder einzelne Formulierungen dieses Textes der geltenden Rechtslage nicht, nicht mehr oder nicht vollst\u00e4ndig entsprechen sollten, bleiben die \u00fcbrigen Teile des Dokumentes in ihrem Inhalt und ihrer G\u00fcltigkeit davon unber\u00fchrt.<\/p>\n","protected":false},"excerpt":{"rendered":"<p>Diese Website wird betrieben von :Holger ReisingJann-Berghaus-Stra\u00dfe 4426548 NorderneyKontaktTelefon: 04932-927077Telefax: 04932-990088E-Mail: kanapeymusic@gmail.com Redaktionell verantwortlich :Holger Reising, Jann-Berghaus-Stra\u00dfe 44, 26548 Nordern [&hellip;]<\/p>\n","protected":false},"author":1,"featured_media":0,"parent":0,"menu_order":0,"comment_status":"closed","ping_status":"closed","template":"","meta":{"site-sidebar-layout":"default","site-content-layout":"","ast-site-content-layout":"","site-content-style":"default","site-sidebar-style":"default","ast-global-header-display":"","ast-banner-title-visibility":"","ast-main-header-display":"","ast-hfb-above-header-display":"","ast-hfb-below-header-display":"","ast-hfb-mobile-header-display":"","site-post-title":"","ast-breadcrumbs-content":"","ast-featured-img":"","footer-sml-layout":"","theme-transparent-header-meta":"","adv-header-id-meta":"","stick-header-meta":"","header-above-stick-meta":"","header-main-stick-meta":"","header-below-stick-meta":"","astra-migrate-meta-layouts":"default","ast-page-background-enabled":"default","ast-page-background-meta":{"desktop":{"background-color":"var(--ast-global-color-5)","background-image":"","background-repeat":"repeat","background-position":"center center","background-size":"auto","background-attachment":"scroll","background-type":"","background-media":"","overlay-type":"","overlay-color":"","overlay-opacity":"","overlay-gradient":""},"tablet":{"background-color":"","background-image":"","background-repeat":"repeat","background-position":"center center","background-size":"auto","background-attachment":"scroll","background-type":"","background-media":"","overlay-type":"","overlay-color":"","overlay-opacity":"","overlay-gradient":""},"mobile":{"background-color":"","background-image":"","background-repeat":"repeat","background-position":"center center","background-size":"auto","background-attachment":"scroll","background-type":"","background-media":"","overlay-type":"","overlay-color":"","overlay-opacity":"","overlay-gradient":""}},"ast-content-background-meta":{"desktop":{"background-color":"var(--ast-global-color-4)","background-image":"","background-repeat":"repeat","background-position":"center center","background-size":"auto","background-attachment":"scroll","background-type":"","background-media":"","overlay-type":"","overlay-color":"","overlay-opacity":"","overlay-gradient":""},"tablet":{"background-color":"var(--ast-global-color-4)","background-image":"","background-repeat":"repeat","background-position":"center center","background-size":"auto","background-attachment":"scroll","background-type":"","background-media":"","overlay-type":"","overlay-color":"","overlay-opacity":"","overlay-gradient":""},"mobile":{"background-color":"var(--ast-global-color-4)","background-image":"","background-repeat":"repeat","background-position":"center center","background-size":"auto","background-attachment":"scroll","background-type":"","background-media":"","overlay-type":"","overlay-color":"","overlay-opacity":"","overlay-gradient":""}},"footnotes":""},"class_list":["post-37","page","type-page","status-publish","hentry"],"yoast_head":"<!-- This site is optimized with the Yoast SEO plugin v24.7 - https:\/\/yoast.com\/wordpress\/plugins\/seo\/ -->\n<title>Impressum -<\/title>\n<meta name=\"robots\" content=\"index, follow, max-snippet:-1, max-image-preview:large, max-video-preview:-1\" \/>\n<link rel=\"canonical\" href=\"https:\/\/kanapey.de\/?page_id=37\" \/>\n<meta property=\"og:locale\" content=\"de_DE\" \/>\n<meta property=\"og:type\" content=\"article\" \/>\n<meta property=\"og:title\" content=\"Impressum -\" \/>\n<meta property=\"og:description\" content=\"Diese Website wird betrieben von :Holger ReisingJann-Berghaus-Stra\u00dfe 4426548 NorderneyKontaktTelefon: 04932-927077Telefax: 04932-990088E-Mail: kanapeymusic@gmail.com Redaktionell verantwortlich :Holger Reising, Jann-Berghaus-Stra\u00dfe 44, 26548 Nordern [&hellip;]\" \/>\n<meta property=\"og:url\" content=\"https:\/\/kanapey.de\/?page_id=37\" \/>\n<meta property=\"article:modified_time\" content=\"2025-03-30T10:55:36+00:00\" \/>\n<meta name=\"twitter:card\" content=\"summary_large_image\" \/>\n<meta name=\"twitter:label1\" content=\"Gesch\u00e4tzte Lesezeit\" \/>\n\t<meta name=\"twitter:data1\" content=\"3\u00a0Minuten\" \/>\n<script type=\"application\/ld+json\" class=\"yoast-schema-graph\">{\"@context\":\"https:\/\/schema.org\",\"@graph\":[{\"@type\":\"WebPage\",\"@id\":\"https:\/\/kanapey.de\/?page_id=37\",\"url\":\"https:\/\/kanapey.de\/?page_id=37\",\"name\":\"Impressum -\",\"isPartOf\":{\"@id\":\"https:\/\/kanapey.de\/#website\"},\"datePublished\":\"2025-03-29T17:06:53+00:00\",\"dateModified\":\"2025-03-30T10:55:36+00:00\",\"breadcrumb\":{\"@id\":\"https:\/\/kanapey.de\/?page_id=37#breadcrumb\"},\"inLanguage\":\"de\",\"potentialAction\":[{\"@type\":\"ReadAction\",\"target\":[\"https:\/\/kanapey.de\/?page_id=37\"]}]},{\"@type\":\"BreadcrumbList\",\"@id\":\"https:\/\/kanapey.de\/?page_id=37#breadcrumb\",\"itemListElement\":[{\"@type\":\"ListItem\",\"position\":1,\"name\":\"Startseite\",\"item\":\"https:\/\/kanapey.de\/\"},{\"@type\":\"ListItem\",\"position\":2,\"name\":\"Impressum\"}]},{\"@type\":\"WebSite\",\"@id\":\"https:\/\/kanapey.de\/#website\",\"url\":\"https:\/\/kanapey.de\/\",\"name\":\"kanapey.de\",\"description\":\"\",\"potentialAction\":[{\"@type\":\"SearchAction\",\"target\":{\"@type\":\"EntryPoint\",\"urlTemplate\":\"https:\/\/kanapey.de\/?s={search_term_string}\"},\"query-input\":{\"@type\":\"PropertyValueSpecification\",\"valueRequired\":true,\"valueName\":\"search_term_string\"}}],\"inLanguage\":\"de\"}]}<\/script>\n<!-- \/ Yoast SEO plugin. -->","yoast_head_json":{"title":"Impressum -","robots":{"index":"index","follow":"follow","max-snippet":"max-snippet:-1","max-image-preview":"max-image-preview:large","max-video-preview":"max-video-preview:-1"},"canonical":"https:\/\/kanapey.de\/?page_id=37","og_locale":"de_DE","og_type":"article","og_title":"Impressum -","og_description":"Diese Website wird betrieben von :Holger ReisingJann-Berghaus-Stra\u00dfe 4426548 NorderneyKontaktTelefon: 04932-927077Telefax: 04932-990088E-Mail: kanapeymusic@gmail.com Redaktionell verantwortlich :Holger Reising, Jann-Berghaus-Stra\u00dfe 44, 26548 Nordern [&hellip;]","og_url":"https:\/\/kanapey.de\/?page_id=37","article_modified_time":"2025-03-30T10:55:36+00:00","twitter_card":"summary_large_image","twitter_misc":{"Gesch\u00e4tzte Lesezeit":"3\u00a0Minuten"},"schema":{"@context":"https:\/\/schema.org","@graph":[{"@type":"WebPage","@id":"https:\/\/kanapey.de\/?page_id=37","url":"https:\/\/kanapey.de\/?page_id=37","name":"Impressum -","isPartOf":{"@id":"https:\/\/kanapey.de\/#website"},"datePublished":"2025-03-29T17:06:53+00:00","dateModified":"2025-03-30T10:55:36+00:00","breadcrumb":{"@id":"https:\/\/kanapey.de\/?page_id=37#breadcrumb"},"inLanguage":"de","potentialAction":[{"@type":"ReadAction","target":["https:\/\/kanapey.de\/?page_id=37"]}]},{"@type":"BreadcrumbList","@id":"https:\/\/kanapey.de\/?page_id=37#breadcrumb","itemListElement":[{"@type":"ListItem","position":1,"name":"Startseite","item":"https:\/\/kanapey.de\/"},{"@type":"ListItem","position":2,"name":"Impressum"}]},{"@type":"WebSite","@id":"https:\/\/kanapey.de\/#website","url":"https:\/\/kanapey.de\/","name":"kanapey.de","description":"","potentialAction":[{"@type":"SearchAction","target":{"@type":"EntryPoint","urlTemplate":"https:\/\/kanapey.de\/?s={search_term_string}"},"query-input":{"@type":"PropertyValueSpecification","valueRequired":true,"valueName":"search_term_string"}}],"inLanguage":"de"}]}},"_links":{"self":[{"href":"https:\/\/kanapey.de\/index.php?rest_route=\/wp\/v2\/pages\/37","targetHints":{"allow":["GET"]}}],"collection":[{"href":"https:\/\/kanapey.de\/index.php?rest_route=\/wp\/v2\/pages"}],"about":[{"href":"https:\/\/kanapey.de\/index.php?rest_route=\/wp\/v2\/types\/page"}],"author":[{"embeddable":true,"href":"https:\/\/kanapey.de\/index.php?rest_route=\/wp\/v2\/users\/1"}],"replies":[{"embeddable":true,"href":"https:\/\/kanapey.de\/index.php?rest_route=%2Fwp%2Fv2%2Fcomments&post=37"}],"version-history":[{"count":3,"href":"https:\/\/kanapey.de\/index.php?rest_route=\/wp\/v2\/pages\/37\/revisions"}],"predecessor-version":[{"id":71,"href":"https:\/\/kanapey.de\/index.php?rest_route=\/wp\/v2\/pages\/37\/revisions\/71"}],"wp:attachment":[{"href":"https:\/\/kanapey.de\/index.php?rest_route=%2Fwp%2Fv2%2Fmedia&parent=37"}],"curies":[{"name":"wp","href":"https:\/\/api.w.org\/{rel}","templated":true}]}}